{"id":2788,"date":"2024-08-27T17:15:22","date_gmt":"2024-08-27T14:15:22","guid":{"rendered":"https:\/\/taslarmermer.com.tr\/products\/diano-royal-block\/"},"modified":"2024-09-07T07:01:54","modified_gmt":"2024-09-07T04:01:54","slug":"diano-royal-blok","status":"publish","type":"product","link":"https:\/\/taslarmermer.com.tr\/tr\/products\/diano-royal-blok\/","title":{"rendered":"Diano Royal Blok"},"content":{"rendered":"","protected":false},"excerpt":{"rendered":"<h4>Daha Fazla Bilgi \u0130\u00e7in Bize Ula\u015f\u0131n<\/h4>\n<p><strong>Adres:<\/strong> BARBAROS HAYRETT\u0130N PA\u015eA MAH. 1992. SK. VETRO C\u0130TY NO: 16\/192 ESENYURT\/ \u0130STANBUL<br \/>\n<strong>Tel:<\/strong> <a href=\"tel:+902128543440\">+90 212 854 34 40<\/a><br \/>\n<strong>Fax:<\/strong> <a href=\"tel:+902128543440\">+90 212 854 34 40<\/a><br \/>\n<strong>E-posta:<\/strong> <a href=\"mailto:info@taslarmermer.com.tr\">info@taslarmermer.com.tr<\/a><\/p>\n","protected":false},"featured_media":2413,"template":"","meta":[],"product_cat":[88],"product_tag":[],"class_list":{"0":"post-2788","1":"product","2":"type-product","3":"status-publish","4":"has-post-thumbnail","6":"product_cat-blok","8":"first","9":"instock","10":"shipping-taxable","11":"product-type-simple"},"_links":{"self":[{"href":"https:\/\/taslarmermer.com.tr\/tr\/wp-json\/wp\/v2\/product\/2788","targetHints":{"allow":["GET"]}}],"collection":[{"href":"https:\/\/taslarmermer.com.tr\/tr\/wp-json\/wp\/v2\/product"}],"about":[{"href":"https:\/\/taslarmermer.com.tr\/tr\/wp-json\/wp\/v2\/types\/product"}],"version-history":[{"count":4,"href":"https:\/\/taslarmermer.com.tr\/tr\/wp-json\/wp\/v2\/product\/2788\/revisions"}],"predecessor-version":[{"id":2888,"href":"https:\/\/taslarmermer.com.tr\/tr\/wp-json\/wp\/v2\/product\/2788\/revisions\/2888"}],"wp:featuredmedia":[{"embeddable":true,"href":"https:\/\/taslarmermer.com.tr\/tr\/wp-json\/wp\/v2\/media\/2413"}],"wp:attachment":[{"href":"https:\/\/taslarmermer.com.tr\/tr\/wp-json\/wp\/v2\/media?parent=2788"}],"wp:term":[{"taxonomy":"product_cat","embeddable":true,"href":"https:\/\/taslarmermer.com.tr\/tr\/wp-json\/wp\/v2\/product_cat?post=2788"},{"taxonomy":"product_tag","embeddable":true,"href":"https:\/\/taslarmermer.com.tr\/tr\/wp-json\/wp\/v2\/product_tag?post=2788"}],"curies":[{"name":"wp","href":"https:\/\/api.w.org\/{rel}","templated":true}]}}