{"id":2778,"date":"2024-08-27T17:19:57","date_gmt":"2024-08-27T14:19:57","guid":{"rendered":"https:\/\/taslarmermer.com.tr\/products\/beige-block\/"},"modified":"2024-09-11T22:40:23","modified_gmt":"2024-09-11T19:40:23","slug":"bej-blok","status":"publish","type":"product","link":"https:\/\/taslarmermer.com.tr\/tr\/products\/bej-blok\/","title":{"rendered":"Bej Blok"},"content":{"rendered":"","protected":false},"excerpt":{"rendered":"<h4>Daha Fazla Bilgi \u0130\u00e7in Bize Ula\u015f\u0131n<\/h4>\n<p><strong>Adres:<\/strong> BARBAROS HAYRETT\u0130N PA\u015eA MAH. 1992. SK. VETRO C\u0130TY NO: 16\/192 ESENYURT\/ \u0130STANBUL<br \/>\n<strong>Tel:<\/strong> <a href=\"tel:+902128543440\">+90 212 854 34 40<\/a><br \/>\n<strong>Fax:<\/strong> <a href=\"tel:+902128543440\">+90 212 854 34 40<\/a><br \/>\n<strong>E-posta:<\/strong> <a href=\"mailto:info@taslarmermer.com.tr\">info@taslarmermer.com.tr<\/a><\/p>\n","protected":false},"featured_media":2421,"template":"","meta":[],"product_cat":[88],"product_tag":[],"class_list":{"0":"post-2778","1":"product","2":"type-product","3":"status-publish","4":"has-post-thumbnail","6":"product_cat-blok","8":"first","9":"instock","10":"shipping-taxable","11":"product-type-simple"},"_links":{"self":[{"href":"https:\/\/taslarmermer.com.tr\/tr\/wp-json\/wp\/v2\/product\/2778","targetHints":{"allow":["GET"]}}],"collection":[{"href":"https:\/\/taslarmermer.com.tr\/tr\/wp-json\/wp\/v2\/product"}],"about":[{"href":"https:\/\/taslarmermer.com.tr\/tr\/wp-json\/wp\/v2\/types\/product"}],"version-history":[{"count":4,"href":"https:\/\/taslarmermer.com.tr\/tr\/wp-json\/wp\/v2\/product\/2778\/revisions"}],"predecessor-version":[{"id":2893,"href":"https:\/\/taslarmermer.com.tr\/tr\/wp-json\/wp\/v2\/product\/2778\/revisions\/2893"}],"wp:featuredmedia":[{"embeddable":true,"href":"https:\/\/taslarmermer.com.tr\/tr\/wp-json\/wp\/v2\/media\/2421"}],"wp:attachment":[{"href":"https:\/\/taslarmermer.com.tr\/tr\/wp-json\/wp\/v2\/media?parent=2778"}],"wp:term":[{"taxonomy":"product_cat","embeddable":true,"href":"https:\/\/taslarmermer.com.tr\/tr\/wp-json\/wp\/v2\/product_cat?post=2778"},{"taxonomy":"product_tag","embeddable":true,"href":"https:\/\/taslarmermer.com.tr\/tr\/wp-json\/wp\/v2\/product_tag?post=2778"}],"curies":[{"name":"wp","href":"https:\/\/api.w.org\/{rel}","templated":true}]}}