{"id":2761,"date":"2024-08-03T21:21:46","date_gmt":"2024-08-03T18:21:46","guid":{"rendered":"https:\/\/taslarmermer.com.tr\/products\/epoxy-ant-static-flooring-system\/"},"modified":"2024-09-07T06:18:00","modified_gmt":"2024-09-07T03:18:00","slug":"epoksi-anti-statik-kaplama-sistemi","status":"publish","type":"product","link":"https:\/\/taslarmermer.com.tr\/tr\/products\/epoksi-anti-statik-kaplama-sistemi\/","title":{"rendered":"Epoksi Anti-Statik kaplama Sistemi"},"content":{"rendered":"","protected":false},"excerpt":{"rendered":"<p><strong>EPOKS\u0130 ANT\u0130-STAT\u0130K ZEM\u0130N KAPLAMA S\u0130STEM\u0130<\/strong><\/p>\n<p>Epoksi Anti-Statik kaplama, temizlenmesi kolay ve toz tutmayan bir zemin kaplamas\u0131d\u0131r.\u00a0 Kolay temizlenir, orta oranda mekanik mukavemeti ve kimyasal dayan\u0131m\u0131 vard\u0131r. Anti-statik kaplamada statik elektri\u011fin bak\u0131r baralar ile mevcut ortamdan uzakla\u015ft\u0131r\u0131lmas\u0131 hedef al\u0131nm\u0131\u015ft\u0131r. Epoksi Anti-Statik kaplama, yeni beton zeminlerde veya\u00a0 a\u015f\u0131nm\u0131\u015f, \u00e7ukurla\u015fm\u0131\u015f, zedelenmi\u015f beton zemin y\u00fczeylerini parlak, yo\u011fun ve p\u00fcr\u00fczs\u00fcz bir hale getiren bir zemin kaplama t\u00fcr\u00fcd\u00fcr. Kimyasal nitelikli bu kaplama ile zeminler h\u0131zl\u0131, dayan\u0131kl\u0131 bir \u015fekilde olu\u015fturulabilir.<\/p>\n<p><strong>Zeminin Y\u00fczey Haz\u0131rl\u0131\u011f\u0131:<\/strong>\u00a0Beton y\u00fczeyindeki t\u00fcm \u00e7imento \u015ferbeti ve gev\u015fek maddeler temizlenerek, beton ile epoksinin aderans\u0131n\u0131n sa\u011flanmas\u0131 i\u00e7in Blastrak veya Grinder makineleriyle mekanik kaz\u0131ma (Frezlenmesi ve tesviye edilmesi) yap\u0131lacakt\u0131r. Beton y\u00fczeyindeki bozukluklar epoksi esasl\u0131 tamir harc\u0131 ile tamir edilecektir. Y\u00fczeyde emilmi\u015f ya\u011f var ise yak\u0131larak temizlenmeli veya ya\u011f\u0131n \u00e7ok derine nufuz etti\u011fi alanlar k\u0131r\u0131larak tamir edilmelidir.<\/p>\n<p><strong>Kaplama Uygulamas\u0131:<\/strong>\u00a0Malzemeler 400 d\/dak\u2019l\u0131k mikserle kar\u0131\u015ft\u0131r\u0131larak malzemenin i\u00e7ine hava kar\u0131\u015fmas\u0131 \u00f6nlenecektir.<\/p>\n<p><strong>Astar ( Epoksi Primer ):\u00a0<\/strong>Epoksi Primer iki bile\u015fenli bir malzeme olup sertle\u015ftiricinin tamam\u0131 re\u00e7ine \u00fczerine kat\u0131l\u0131p uniform ( Tek bi\u00e7im homojen e\u015f da\u011f\u0131lm\u0131\u015f ) k\u0131vam al\u0131ncaya kadar kar\u0131\u015ft\u0131r\u0131lacakt\u0131r. Astara silis kumu kar\u0131\u015ft\u0131r\u0131lacak uygulama i\u015flemi s\u0131f\u0131r mala ile yap\u0131lacakt\u0131r. Aderans\u0131n art\u0131r\u0131lmas\u0131 i\u00e7in kar\u0131\u015f\u0131m\u0131n uygulamas\u0131ndan sonra \u00fczerine silis kumu serpilmelidir. Bozuk y\u00fczeyli zeminlerde gerekli d\u00fczg\u00fcnl\u00fc\u011f\u00fcn elde edilebilmesi i\u00e7in ikinci kat Astar + Silis kumu yap\u0131lmal\u0131d\u0131r.<\/p>\n<p><strong>Ara Kat:<\/strong>\u00a0\u0130ki bile\u015fenli olup sertle\u015ftiricinin tamam\u0131 re\u00e7ine \u00fczerine kat\u0131l\u0131p uniform ( Tek bi\u00e7im homojen e\u015f da\u011f\u0131lm\u0131\u015f ) k\u0131vam al\u0131ncaya kadar kar\u0131\u015ft\u0131r\u0131lacakt\u0131r. Yayma i\u015flemi s\u0131f\u0131r mala ile yap\u0131lacakt\u0131r. Yayma i\u015fleminin yap\u0131labilmesi i\u00e7in astar tabakas\u0131n\u0131n kurumas\u0131 beklenmeli, kuruma tamamland\u0131ktan sonra zemin fazla silis kumu taneciklerinden ar\u0131nd\u0131r\u0131lmal\u0131d\u0131r. Ara kat\u0131n \u00fcst\u00fcne yani y\u00fczeye bak\u0131r bantlar serilip ( Y\u00fczeye bak\u0131r bantlar art\u0131 \u015feklinde birbirine ba\u011flanacak \u015fekilde serilecek, ) \u00fczerine iletkenli\u011fi sa\u011flamak i\u00e7in kondaktif astar uygulanacakt\u0131r.<\/p>\n<p><strong>Son Kat (Epoksi Anti-Statik\u00a0<\/strong><strong>):\u00a0<\/strong>Her paket iki bile\u015fenden olu\u015fur. Re\u00e7ine i\u00e7ine sertle\u015ftirici eklenerek uniform ( Tek bi\u00e7im homojen e\u015f da\u011f\u0131lm\u0131\u015f ) hale gelinceye kadar kar\u0131\u015ft\u0131r\u0131lacakt\u0131r. Elde edilen kar\u0131\u015f\u0131m, kondaktif astar uygulamas\u0131n\u0131n ard\u0131ndan zemine epoksi kondaktif self levelling tarakl\u0131 mala ile uygulanacakt\u0131r. Kirpi rulo yard\u0131m\u0131 ile havas\u0131 al\u0131n\u0131p gaz \u00e7\u0131k\u0131\u015flar\u0131 kolayla\u015ft\u0131r\u0131lacakt\u0131r. Zemin kaplamas\u0131 yap\u0131ld\u0131ktan yakla\u015f\u0131k bir g\u00fcn sonra \u00fczerinde y\u00fcr\u00fcme i\u00e7in haz\u0131r hale gelir. Tam mekanik ve kimyasal dayan\u0131m i\u00e7in 7 g\u00fcn beklenerek a\u011f\u0131r y\u00fcke maruz b\u0131rak\u0131lmamal\u0131d\u0131r.<\/p>\n<p><strong>Kullan\u0131m Alanlar\u0131:<\/strong>\u00a0 Epoksi Anti-Statik kaplama,\u00a0 t\u00fcm end\u00fcstriyel d\u00f6\u015femelerde, hastaneler,\u00a0 elektrik fabrikalar\u0131, elektronik fabrikalar\u0131, otomotiv sekt\u00f6r\u00fc ve statik elektrikten etkilenmemesi istenen t\u00fcm y\u00fczeylerde farkl\u0131 renk tercihleri ile kullan\u0131labilmektedir.<\/p>\n<p><strong>\u00d6zellikleri<\/strong><\/p>\n<ul>\n<li>Orta kal\u0131nl\u0131k s\u0131n\u0131f\u0131na girer,<\/li>\n<li>Elektrostatik olarak iletkendir,<\/li>\n<li>Kal\u0131nl\u0131\u011f\u0131 2 mm &#8211; 4 mm aras\u0131nda de\u011fi\u015fmektedir,<\/li>\n<li>P\u00fcr\u00fczs\u00fcz veya yar\u0131 p\u00fcr\u00fczl\u00fc y\u00fczey,<\/li>\n<li>S\u00fcrt\u00fcnme, a\u015f\u0131nmaya ve darbeye orta oranda dayan\u0131kl\u0131,<\/li>\n<li>Kolay Temizlenebilme niteli\u011fi,<\/li>\n<li>Su ge\u00e7irmez, toz tutmaz,<\/li>\n<li>Onar\u0131m\u0131, bak\u0131m\u0131 kolay,<\/li>\n<li>Zemine y\u00fcksek yap\u0131\u015fma niteli\u011fi,<\/li>\n<\/ul>\n","protected":false},"featured_media":2542,"template":"","meta":[],"product_cat":[87],"product_tag":[],"class_list":{"0":"post-2761","1":"product","2":"type-product","3":"status-publish","4":"has-post-thumbnail","6":"product_cat-izolasyon-urunleri","8":"first","9":"instock","10":"shipping-taxable","11":"product-type-simple"},"_links":{"self":[{"href":"https:\/\/taslarmermer.com.tr\/tr\/wp-json\/wp\/v2\/product\/2761","targetHints":{"allow":["GET"]}}],"collection":[{"href":"https:\/\/taslarmermer.com.tr\/tr\/wp-json\/wp\/v2\/product"}],"about":[{"href":"https:\/\/taslarmermer.com.tr\/tr\/wp-json\/wp\/v2\/types\/product"}],"version-history":[{"count":3,"href":"https:\/\/taslarmermer.com.tr\/tr\/wp-json\/wp\/v2\/product\/2761\/revisions"}],"predecessor-version":[{"id":2770,"href":"https:\/\/taslarmermer.com.tr\/tr\/wp-json\/wp\/v2\/product\/2761\/revisions\/2770"}],"wp:featuredmedia":[{"embeddable":true,"href":"https:\/\/taslarmermer.com.tr\/tr\/wp-json\/wp\/v2\/media\/2542"}],"wp:attachment":[{"href":"https:\/\/taslarmermer.com.tr\/tr\/wp-json\/wp\/v2\/media?parent=2761"}],"wp:term":[{"taxonomy":"product_cat","embeddable":true,"href":"https:\/\/taslarmermer.com.tr\/tr\/wp-json\/wp\/v2\/product_cat?post=2761"},{"taxonomy":"product_tag","embeddable":true,"href":"https:\/\/taslarmermer.com.tr\/tr\/wp-json\/wp\/v2\/product_tag?post=2761"}],"curies":[{"name":"wp","href":"https:\/\/api.w.org\/{rel}","templated":true}]}}