{"id":2759,"date":"2024-08-03T21:23:22","date_gmt":"2024-08-03T18:23:22","guid":{"rendered":"https:\/\/taslarmermer.com.tr\/products\/epoxy-coating-floor-painting-system\/"},"modified":"2024-09-07T06:22:03","modified_gmt":"2024-09-07T03:22:03","slug":"epoksi-coantig-zemin-boyama-sistemi","status":"publish","type":"product","link":"https:\/\/taslarmermer.com.tr\/tr\/products\/epoksi-coantig-zemin-boyama-sistemi\/","title":{"rendered":"Epoksi Coantig Zemin Boyama Sistemi"},"content":{"rendered":"","protected":false},"excerpt":{"rendered":"<p><strong>EPOKS\u0130 COAT\u0130NG ZEM\u0130N BOYAMA S\u0130STEM\u0130<\/strong><\/p>\n<p>Epoksi Coating boyama temizlenmesi kolay ve toz tutmayan bir zemin boyama sistemidir. Az oranda mekanik mukavemeti ve kimyasal dayan\u0131m\u0131 vard\u0131r. Epoksi Coating Boyama, yeni beton zeminlerde veya az a\u015f\u0131nm\u0131\u015f, zedelenmi\u015f beton zemin y\u00fczeylerini parlak, yo\u011fun ve p\u00fcr\u00fczs\u00fcz bir zemin boyama t\u00fcr\u00fcd\u00fcr. Kimyasal nitelikli bu kaplama ile zeminler h\u0131zl\u0131, dayan\u0131kl\u0131 bir \u015fekilde olu\u015fturulabilir.<\/p>\n<p><strong>Zeminin Y\u00fczey Haz\u0131rl\u0131\u011f\u0131:<\/strong>\u00a0Y\u00fczey STR Makine ya da Rototiger Makine ile silinecek. S\u00fcp\u00fcrge makinesiyle zemin vakumlanacak. Zeminde \u00e7atlak veya k\u0131r\u0131k yerler epoksi macun ile tamir edilecek.<\/p>\n<p><strong>Astar ( Epoksi Primer ):\u00a0<\/strong>Epoksi Primer iki bile\u015fenli bir malzeme olup sertle\u015ftiricinin tamam\u0131 re\u00e7ine \u00fczerine kat\u0131l\u0131p uniform ( Tek bi\u00e7im homojen e\u015f da\u011f\u0131lm\u0131\u015f ) k\u0131vam al\u0131ncaya kadar kar\u0131\u015ft\u0131r\u0131lacakt\u0131r. Y\u00fczeye export rulo ile s\u00fcr\u00fclecek.<\/p>\n<p><strong>Son Kat ( Epoksi Coating\u00a0<\/strong><strong>):\u00a0<\/strong>Her paket iki bile\u015fenden olu\u015fur. Boya i\u00e7ine sertle\u015ftirici eklenerek uniform ( Tek bi\u00e7im homojen e\u015f da\u011f\u0131lm\u0131\u015f ) hale gelinceye kadar kar\u0131\u015ft\u0131r\u0131lacakt\u0131r. Elde edilen kar\u0131\u015f\u0131m, y\u00fczeye 2 kat olacak \u015fekilde export rulo ile s\u00fcr\u00fclecek.<\/p>\n<p><strong>Kullan\u0131m Alanlar\u0131:<\/strong>\u00a0Epoksi Coating Boyama, t\u00fcm end\u00fcstriyel d\u00f6\u015femelerde, ila\u00e7 fabrikalar\u0131, kimyasal fabrikalar, hastaneler, elektrik fabrikalar\u0131, makine fabrikalar\u0131, g\u0131da \u00fcretim tesisleri, kimyasal fabrikalar, tekstil fabrikalar\u0131, giyim at\u00f6lyeleri, plastik \u00fcretim tesisleri, otomotiv sekt\u00f6r\u00fc ve t\u00fcm depolarda farkl\u0131 renk tercihleri ile kullan\u0131labilmektedir.<\/p>\n<p><strong>\u00d6zellikleri<\/strong><\/p>\n<ul>\n<li>\u0130nce kal\u0131nl\u0131k s\u0131n\u0131f\u0131na girer,<\/li>\n<li>Yaya Trafi\u011finin oldu\u011fu alanlara kullan\u0131lmas\u0131,<\/li>\n<li>Toz tutmaz, su ge\u00e7irmez,<\/li>\n<li>Anti bakteriyel \u00d6zelli\u011fi,<\/li>\n<li>S\u00fcrt\u00fcnme, a\u015f\u0131nmaya ve darbeye az oranda dayan\u0131kl\u0131,<\/li>\n<li>Temizlenmesi kolay,<\/li>\n<li>H\u0131zl\u0131 ve kolay uygulanabilir,<\/li>\n<li>Bak\u0131m ve onar\u0131m\u0131 kolay,<\/li>\n<li>Zemine y\u00fcksek yap\u0131\u015fma sa\u011flanmas\u0131,<\/li>\n<li>Kal\u0131nl\u0131\u011f\u0131 0,2 mm \u2013 1,0 mm aras\u0131nda de\u011fi\u015fmektedir.<\/li>\n<\/ul>\n","protected":false},"featured_media":2528,"template":"","meta":[],"product_cat":[87],"product_tag":[],"class_list":{"0":"post-2759","1":"product","2":"type-product","3":"status-publish","4":"has-post-thumbnail","6":"product_cat-izolasyon-urunleri","8":"first","9":"instock","10":"shipping-taxable","11":"product-type-simple"},"_links":{"self":[{"href":"https:\/\/taslarmermer.com.tr\/tr\/wp-json\/wp\/v2\/product\/2759","targetHints":{"allow":["GET"]}}],"collection":[{"href":"https:\/\/taslarmermer.com.tr\/tr\/wp-json\/wp\/v2\/product"}],"about":[{"href":"https:\/\/taslarmermer.com.tr\/tr\/wp-json\/wp\/v2\/types\/product"}],"version-history":[{"count":3,"href":"https:\/\/taslarmermer.com.tr\/tr\/wp-json\/wp\/v2\/product\/2759\/revisions"}],"predecessor-version":[{"id":2774,"href":"https:\/\/taslarmermer.com.tr\/tr\/wp-json\/wp\/v2\/product\/2759\/revisions\/2774"}],"wp:featuredmedia":[{"embeddable":true,"href":"https:\/\/taslarmermer.com.tr\/tr\/wp-json\/wp\/v2\/media\/2528"}],"wp:attachment":[{"href":"https:\/\/taslarmermer.com.tr\/tr\/wp-json\/wp\/v2\/media?parent=2759"}],"wp:term":[{"taxonomy":"product_cat","embeddable":true,"href":"https:\/\/taslarmermer.com.tr\/tr\/wp-json\/wp\/v2\/product_cat?post=2759"},{"taxonomy":"product_tag","embeddable":true,"href":"https:\/\/taslarmermer.com.tr\/tr\/wp-json\/wp\/v2\/product_tag?post=2759"}],"curies":[{"name":"wp","href":"https:\/\/api.w.org\/{rel}","templated":true}]}}