{"id":2757,"date":"2024-08-03T21:25:37","date_gmt":"2024-08-03T18:25:37","guid":{"rendered":"https:\/\/taslarmermer.com.tr\/products\/ucrere-flooring-system\/"},"modified":"2024-09-07T06:19:38","modified_gmt":"2024-09-07T03:19:38","slug":"ucrete-zemin-kaplama-sistemi","status":"publish","type":"product","link":"https:\/\/taslarmermer.com.tr\/tr\/products\/ucrete-zemin-kaplama-sistemi\/","title":{"rendered":"Ucrete Zemin Kaplama Sistemi"},"content":{"rendered":"","protected":false},"excerpt":{"rendered":"<p><strong>UCRETE ZEM\u0130N KAPLAMA S\u0130STEM\u0130<\/strong><\/p>\n<p>Ucrete MF agresif kimyasallara kar\u015f\u0131 m\u00fckemmel dayan\u0131ma sahip benzersiz \u00f6zel poli\u00fcretan re\u00e7inelerin birle\u015fiminden olu\u015fmu\u015f zemin kaplama \u00fcr\u00fcn\u00fcd\u00fcr.\u00a0 Ucrete MF genellikle kuru alanlarda koruyucu d\u00fcz biti\u015f y\u00fczeyi sa\u011flar. Ucrete MF kapal\u0131 g\u00f6zenekli ve ge\u00e7irimsizdir.<\/p>\n<p><strong>Zeminin Y\u00fczey Haz\u0131rl\u0131\u011f\u0131:<\/strong>\u00a0Beton y\u00fczeyindeki t\u00fcm \u00e7imento \u015ferbeti ve gev\u015fek maddeler temizlenerek, beton ile epoksinin aderans\u0131n\u0131n sa\u011flanmas\u0131 i\u00e7in Blastrak veya Grinder makineleriyle mekanik kaz\u0131ma (Frezlenmesi ve tesviye edilmesi) yap\u0131lacakt\u0131r. Beton y\u00fczeyindeki bozukluklar epoksi esasl\u0131 tamir harc\u0131 ile tamir edilecektir. Y\u00fczeyde emilmi\u015f ya\u011f var ise yak\u0131larak temizlenmeli veya ya\u011f\u0131n \u00e7ok derine nufuz etti\u011fi alanlar k\u0131r\u0131larak tamir edilecektir. \u00a0Ana derzlerin sa\u011fl\u0131 sollu ba\u011flama derzleri kesilecek, her 3 metrede bir derz kesimi yap\u0131lacak, Kesimden sonra zemin, s\u00fcp\u00fcrge makine yard\u0131m\u0131yla vakumlan\u0131p temizlenecektir.<\/p>\n<p><strong>Kaplama Uygulamas\u0131:<\/strong>\u00a0Malzemeler 400 d\/dak\u2019l\u0131k mikserle kar\u0131\u015ft\u0131r\u0131larak malzemenin i\u00e7ine hava kar\u0131\u015fmas\u0131 \u00f6nlenecektir.<\/p>\n<p><strong>S\u0131y\u0131rma Kat ( Ucrete ):\u00a0<\/strong>Ucrete d\u00f6rt bile\u015fenli (Part1 + Part2 + Part3 ve s\u0131v\u0131 renk pingmetinden olu\u015fur.) bir malzeme olup \u00f6ncelikle part1 ve part2 mikserle kar\u0131\u015ft\u0131rt\u0131r s\u0131v\u0131 renk pingmet dahil edilip kar\u0131\u015f\u0131ma devam edilir. Son olarak part3 yava\u015f yava\u015f ilave edilerek kar\u0131\u015ft\u0131r\u0131lmaya uniform ( Tek bi\u00e7im homojen e\u015f da\u011f\u0131lm\u0131\u015f ) k\u0131vam al\u0131ncaya kadar 3-4 dakika devam edilir. Kar\u0131\u015f\u0131m bittikten sonra y\u00fczeye Ucrete, d\u00fcz mala yard\u0131m\u0131yla s\u0131y\u0131rma \u00e7ekilir.<\/p>\n<p><strong>Son Kat ( Ucrete ):\u00a0<\/strong>Her paket d\u00f6rt bile\u015fenden olu\u015fur. Ucrete d\u00f6rt bile\u015fenli (Part1 + Part2 + Part3 ve s\u0131v\u0131 renk pingmetinden olu\u015fur.) bir malzeme olup \u00f6ncelikle part1 ve part2 mikserle kar\u0131\u015ft\u0131rt\u0131r s\u0131v\u0131 renk pingmet dahil edilip kar\u0131\u015f\u0131ma devam edilir. Son olarak part3 yava\u015f yava\u015f ilave edilerek kar\u0131\u015ft\u0131r\u0131lmaya uniform ( Tek bi\u00e7im homojen e\u015f da\u011f\u0131lm\u0131\u015f ) k\u0131vam al\u0131ncaya kadar 3-4 dakika devam edilir. Kar\u0131\u015f\u0131m bittikten sonra y\u00fczeye Ucrete, 6 mm\u2019lik tarakl\u0131 mala yard\u0131m\u0131yla son kat \u00e7ekilir. Kirpi rulo yard\u0131m\u0131 ile havas\u0131 al\u0131n\u0131p gaz \u00e7\u0131k\u0131\u015flar\u0131 kolayla\u015ft\u0131r\u0131lacakt\u0131r.\u00a0<strong>Kullan\u0131m Yerleri<\/strong><\/p>\n<p>UCRETE MF, orta-a\u011f\u0131r trafik ve kimyasal y\u00fck alt\u0131ndaki, uzun \u00f6m\u00fcrl\u00fc ve dayan\u0131kl\u0131 kaplama ihtiyac\u0131 olan, G\u0131da, ila\u00e7 ve kimya end\u00fcstrisinde,Laboratuvarlarda, \u00dcretim alanlar\u0131nda, Paketleme ve depolama alanlar\u0131 gibi end\u00fcstriyel tesislerde kullan\u0131l\u0131r.<\/p>\n<p><strong>Avantajlar\u0131<\/strong><\/p>\n<ul>\n<li><strong>Is\u0131 Dayan\u0131m\u0131:<\/strong>\u00a04 mm UCRETE MF kaplama, s\u00fcrekli +60 \u00b0C s\u0131cakl\u0131k alt\u0131nda \u00f6zelliklerini kaybetmez. Kal\u0131nl\u0131k artt\u0131k\u00e7a \u0131s\u0131 dayan\u0131m\u0131 da artar.<\/li>\n<li><strong>Kokusuz:<\/strong>\u00a0Campden &amp; Chorleywood Food Research Association testlerine g\u00f6re solventsiz ve kokusuz bir kaplamad\u0131r.<\/li>\n<li><strong>Darbe Dayan\u0131m\u0131:<\/strong>\u00a0D\u00fc\u015f\u00fck elastisite mod\u00fcl\u00fc sayesinde, y\u00fcksek mekanik \u00f6zelliklere sahip oldu\u011fu gibi noktasal darbe alt\u0131nda da \u00e7ok dayan\u0131kl\u0131d\u0131r. Bu darbeler alt\u0131nda, di\u011fer kaplamalar gibi par\u00e7a atmaz ve \u00e7atlak olu\u015fturmaz.<\/li>\n<li><strong>Emicilik:<\/strong>\u00a0CP.BM2\/67\/2\u2019ye g\u00f6re test edildi\u011finde, UCRETE MF s\u0131f\u0131r emicilik de\u011ferine sahiptir.<\/li>\n<li><strong>Nem Tolerans\u0131:<\/strong>\u00a0UCRETE MF end\u00fcstriyel zemin kaplamalar\u0131, nemli zeminlerde uygulama yapmaya elveri\u015flidir ve 7 g\u00fcnl\u00fck beton \u00fczerine veya bir buhar kesici katman \u00fczerine uygulanm\u0131\u015f, suya doygun eski betonlar \u00fczerine uygulanabilir.<\/li>\n<li><strong>Temizlik:<\/strong>\u00a0D\u00fczg\u00fcn mat y\u00fczeyi temizleme kolayl\u0131\u011f\u0131 sa\u011flar.<\/li>\n<\/ul>\n","protected":false},"featured_media":2526,"template":"","meta":[],"product_cat":[87],"product_tag":[],"class_list":{"0":"post-2757","1":"product","2":"type-product","3":"status-publish","4":"has-post-thumbnail","6":"product_cat-izolasyon-urunleri","8":"first","9":"instock","10":"shipping-taxable","11":"product-type-simple"},"_links":{"self":[{"href":"https:\/\/taslarmermer.com.tr\/tr\/wp-json\/wp\/v2\/product\/2757","targetHints":{"allow":["GET"]}}],"collection":[{"href":"https:\/\/taslarmermer.com.tr\/tr\/wp-json\/wp\/v2\/product"}],"about":[{"href":"https:\/\/taslarmermer.com.tr\/tr\/wp-json\/wp\/v2\/types\/product"}],"version-history":[{"count":2,"href":"https:\/\/taslarmermer.com.tr\/tr\/wp-json\/wp\/v2\/product\/2757\/revisions"}],"predecessor-version":[{"id":2771,"href":"https:\/\/taslarmermer.com.tr\/tr\/wp-json\/wp\/v2\/product\/2757\/revisions\/2771"}],"wp:featuredmedia":[{"embeddable":true,"href":"https:\/\/taslarmermer.com.tr\/tr\/wp-json\/wp\/v2\/media\/2526"}],"wp:attachment":[{"href":"https:\/\/taslarmermer.com.tr\/tr\/wp-json\/wp\/v2\/media?parent=2757"}],"wp:term":[{"taxonomy":"product_cat","embeddable":true,"href":"https:\/\/taslarmermer.com.tr\/tr\/wp-json\/wp\/v2\/product_cat?post=2757"},{"taxonomy":"product_tag","embeddable":true,"href":"https:\/\/taslarmermer.com.tr\/tr\/wp-json\/wp\/v2\/product_tag?post=2757"}],"curies":[{"name":"wp","href":"https:\/\/api.w.org\/{rel}","templated":true}]}}